{"id":1379,"date":"2025-06-09T15:33:25","date_gmt":"2025-06-09T15:33:25","guid":{"rendered":"https:\/\/www.connexionconsciente.com\/?post_type=product&#038;p=1379"},"modified":"2025-07-04T14:40:04","modified_gmt":"2025-07-04T14:40:04","slug":"chemin-de-conscience","status":"publish","type":"product","link":"https:\/\/www.connexionconsciente.com\/fr\/producto\/chemin-de-conscience\/","title":{"rendered":"Chemin de Conscience"},"content":{"rendered":"<p>[et_pb_section fb_built=\u00a0\u00bb1&Prime; _builder_version=\u00a0\u00bb4.16&Prime; custom_padding=\u00a0\u00bb0px||||false|false\u00a0\u00bb global_colors_info=\u00a0\u00bb{}\u00a0\u00bb][et_pb_row _builder_version=\u00a0\u00bb4.16&Prime; background_size=\u00a0\u00bbinitial\u00a0\u00bb background_position=\u00a0\u00bbtop_left\u00a0\u00bb background_repeat=\u00a0\u00bbrepeat\u00a0\u00bb width=\u00a0\u00bb100%\u00a0\u00bb custom_padding=\u00a0\u00bb0px||0px||false|false\u00a0\u00bb global_colors_info=\u00a0\u00bb{}\u00a0\u00bb][et_pb_column type=\u00a0\u00bb4_4&Prime; _builder_version=\u00a0\u00bb4.16&Prime; custom_padding=\u00a0\u00bb|||\u00a0\u00bb global_colors_info=\u00a0\u00bb{}\u00a0\u00bb custom_padding__hover=\u00a0\u00bb|||\u00a0\u00bb][et_pb_wc_breadcrumb _builder_version=\u00a0\u00bb4.16&Prime; global_colors_info=\u00a0\u00bb{}\u00a0\u00bb][\/et_pb_wc_breadcrumb][et_pb_wc_cart_notice _builder_version=\u00a0\u00bb4.16&Prime; global_colors_info=\u00a0\u00bb{}\u00a0\u00bb][\/et_pb_wc_cart_notice][\/et_pb_column][\/et_pb_row][et_pb_row _builder_version=\u00a0\u00bb4.16&Prime; background_size=\u00a0\u00bbinitial\u00a0\u00bb background_position=\u00a0\u00bbtop_left\u00a0\u00bb background_repeat=\u00a0\u00bbrepeat\u00a0\u00bb width=\u00a0\u00bb100%\u00a0\u00bb global_colors_info=\u00a0\u00bb{}\u00a0\u00bb][et_pb_column type=\u00a0\u00bb4_4&Prime; _builder_version=\u00a0\u00bb4.16&Prime; custom_padding=\u00a0\u00bb|||\u00a0\u00bb global_colors_info=\u00a0\u00bb{}\u00a0\u00bb custom_padding__hover=\u00a0\u00bb|||\u00a0\u00bb][et_pb_wc_upsells _builder_version=\u00a0\u00bb4.16&Prime; global_colors_info=\u00a0\u00bb{}\u00a0\u00bb][\/et_pb_wc_upsells][\/et_pb_column][\/et_pb_row][et_pb_row column_structure=\u00a0\u00bb1_2,1_2&Prime; _builder_version=\u00a0\u00bb4.16&Prime; background_size=\u00a0\u00bbinitial\u00a0\u00bb background_position=\u00a0\u00bbtop_left\u00a0\u00bb background_repeat=\u00a0\u00bbrepeat\u00a0\u00bb width=\u00a0\u00bb100%\u00a0\u00bb custom_padding=\u00a0\u00bb0px||||false|false\u00a0\u00bb global_colors_info=\u00a0\u00bb{}\u00a0\u00bb][et_pb_column type=\u00a0\u00bb1_2&Prime; _builder_version=\u00a0\u00bb4.16&Prime; custom_padding=\u00a0\u00bb|||\u00a0\u00bb global_colors_info=\u00a0\u00bb{}\u00a0\u00bb custom_padding__hover=\u00a0\u00bb|||\u00a0\u00bb][et_pb_wc_images _builder_version=\u00a0\u00bb4.27.0&Prime; global_colors_info=\u00a0\u00bb{}\u00a0\u00bb][\/et_pb_wc_images][\/et_pb_column][et_pb_column type=\u00a0\u00bb1_2&Prime; _builder_version=\u00a0\u00bb4.16&Prime; custom_padding=\u00a0\u00bb|||\u00a0\u00bb global_colors_info=\u00a0\u00bb{}\u00a0\u00bb custom_padding__hover=\u00a0\u00bb|||\u00a0\u00bb][et_pb_wc_title _builder_version=\u00a0\u00bb4.16&Prime; global_colors_info=\u00a0\u00bb{}\u00a0\u00bb][\/et_pb_wc_title][et_pb_wc_price _builder_version=\u00a0\u00bb4.16&Prime; global_colors_info=\u00a0\u00bb{}\u00a0\u00bb][\/et_pb_wc_price][et_pb_wc_description _builder_version=\u00a0\u00bb4.16&Prime; global_colors_info=\u00a0\u00bb{}\u00a0\u00bb][\/et_pb_wc_description][et_pb_wc_add_to_cart _builder_version=\u00a0\u00bb4.16&Prime; global_colors_info=\u00a0\u00bb{}\u00a0\u00bb][\/et_pb_wc_add_to_cart][et_pb_wc_meta _builder_version=\u00a0\u00bb4.16&Prime; global_colors_info=\u00a0\u00bb{}\u00a0\u00bb][\/et_pb_wc_meta][\/et_pb_column][\/et_pb_row][\/et_pb_section]<\/p>\n","protected":false},"excerpt":{"rendered":"<p>Mentorat individuel, o\u00f9 je vous guide pour vous connecter \u00e0 votre pouvoir de gu\u00e9rison afin que vous puissiez agir et manifester vos objectifs.<\/p>\n","protected":false},"featured_media":1454,"comment_status":"open","ping_status":"closed","template":"","meta":{"_et_pb_use_builder":"on","_et_pb_old_content":"","_et_gb_content_width":"","om_disable_all_campaigns":false},"product_brand":[],"product_cat":[61],"product_tag":[],"class_list":{"0":"post-1379","1":"product","2":"type-product","3":"status-publish","4":"has-post-thumbnail","6":"product_cat-programmes-virtuelles","8":"first","9":"instock","10":"virtual","11":"purchasable","12":"product-type-simple"},"yoast_head":"<!-- This site is optimized with the Yoast SEO plugin v27.5 - https:\/\/yoast.com\/product\/yoast-seo-wordpress\/ -->\n<title>Chemin de Conscience - Connexion Consciente<\/title>\n<meta name=\"robots\" content=\"index, follow, max-snippet:-1, max-image-preview:large, max-video-preview:-1\" \/>\n<link rel=\"canonical\" href=\"https:\/\/www.connexionconsciente.com\/fr\/producto\/chemin-de-conscience\/\" \/>\n<meta property=\"og:locale\" content=\"fr_FR\" \/>\n<meta property=\"og:type\" content=\"article\" \/>\n<meta property=\"og:title\" content=\"Chemin de Conscience - Connexion Consciente\" \/>\n<meta property=\"og:description\" content=\"Mentorat individuel, o\u00f9 je vous guide pour vous connecter \u00e0 votre pouvoir de gu\u00e9rison afin que vous puissiez agir et manifester vos objectifs.\" \/>\n<meta property=\"og:url\" content=\"https:\/\/www.connexionconsciente.com\/fr\/producto\/chemin-de-conscience\/\" \/>\n<meta property=\"og:site_name\" content=\"Connexion Consciente\" \/>\n<meta property=\"article:modified_time\" content=\"2025-07-04T14:40:04+00:00\" \/>\n<meta property=\"og:image\" content=\"https:\/\/www.connexionconsciente.com\/wp-content\/uploads\/2025\/06\/chemin_conscience_fr.png\" \/>\n\t<meta property=\"og:image:width\" content=\"600\" \/>\n\t<meta property=\"og:image:height\" content=\"600\" \/>\n\t<meta property=\"og:image:type\" content=\"image\/png\" \/>\n<meta name=\"twitter:card\" content=\"summary_large_image\" \/>\n<meta name=\"twitter:label1\" content=\"Dur\u00e9e de lecture estim\u00e9e\" \/>\n\t<meta name=\"twitter:data1\" content=\"1 minute\" \/>\n<script type=\"application\/ld+json\" class=\"yoast-schema-graph\">{\"@context\":\"https:\\\/\\\/schema.org\",\"@graph\":[{\"@type\":\"WebPage\",\"@id\":\"https:\\\/\\\/www.connexionconsciente.com\\\/fr\\\/producto\\\/chemin-de-conscience\\\/\",\"url\":\"https:\\\/\\\/www.connexionconsciente.com\\\/fr\\\/producto\\\/chemin-de-conscience\\\/\",\"name\":\"Chemin de Conscience - Connexion Consciente\",\"isPartOf\":{\"@id\":\"https:\\\/\\\/www.connexionconsciente.com\\\/fr\\\/#website\"},\"primaryImageOfPage\":{\"@id\":\"https:\\\/\\\/www.connexionconsciente.com\\\/fr\\\/producto\\\/chemin-de-conscience\\\/#primaryimage\"},\"image\":{\"@id\":\"https:\\\/\\\/www.connexionconsciente.com\\\/fr\\\/producto\\\/chemin-de-conscience\\\/#primaryimage\"},\"thumbnailUrl\":\"https:\\\/\\\/www.connexionconsciente.com\\\/wp-content\\\/uploads\\\/2025\\\/06\\\/chemin_conscience_fr.png\",\"datePublished\":\"2025-06-09T15:33:25+00:00\",\"dateModified\":\"2025-07-04T14:40:04+00:00\",\"breadcrumb\":{\"@id\":\"https:\\\/\\\/www.connexionconsciente.com\\\/fr\\\/producto\\\/chemin-de-conscience\\\/#breadcrumb\"},\"inLanguage\":\"fr-FR\",\"potentialAction\":[{\"@type\":\"ReadAction\",\"target\":[\"https:\\\/\\\/www.connexionconsciente.com\\\/fr\\\/producto\\\/chemin-de-conscience\\\/\"]}]},{\"@type\":\"ImageObject\",\"inLanguage\":\"fr-FR\",\"@id\":\"https:\\\/\\\/www.connexionconsciente.com\\\/fr\\\/producto\\\/chemin-de-conscience\\\/#primaryimage\",\"url\":\"https:\\\/\\\/www.connexionconsciente.com\\\/wp-content\\\/uploads\\\/2025\\\/06\\\/chemin_conscience_fr.png\",\"contentUrl\":\"https:\\\/\\\/www.connexionconsciente.com\\\/wp-content\\\/uploads\\\/2025\\\/06\\\/chemin_conscience_fr.png\",\"width\":600,\"height\":600},{\"@type\":\"BreadcrumbList\",\"@id\":\"https:\\\/\\\/www.connexionconsciente.com\\\/fr\\\/producto\\\/chemin-de-conscience\\\/#breadcrumb\",\"itemListElement\":[{\"@type\":\"ListItem\",\"position\":1,\"name\":\"Home\",\"item\":\"https:\\\/\\\/www.connexionconsciente.com\\\/fr\\\/\"},{\"@type\":\"ListItem\",\"position\":2,\"name\":\"Boutique\",\"item\":\"https:\\\/\\\/www.connexionconsciente.com\\\/fr\\\/boutique\\\/\"},{\"@type\":\"ListItem\",\"position\":3,\"name\":\"Chemin de Conscience\"}]},{\"@type\":\"WebSite\",\"@id\":\"https:\\\/\\\/www.connexionconsciente.com\\\/fr\\\/#website\",\"url\":\"https:\\\/\\\/www.connexionconsciente.com\\\/fr\\\/\",\"name\":\"Connexion Consciente\",\"description\":\"Luz Eliana Arroyave\",\"potentialAction\":[{\"@type\":\"SearchAction\",\"target\":{\"@type\":\"EntryPoint\",\"urlTemplate\":\"https:\\\/\\\/www.connexionconsciente.com\\\/fr\\\/?s={search_term_string}\"},\"query-input\":{\"@type\":\"PropertyValueSpecification\",\"valueRequired\":true,\"valueName\":\"search_term_string\"}}],\"inLanguage\":\"fr-FR\"}]}<\/script>\n<!-- \/ Yoast SEO plugin. -->","yoast_head_json":{"title":"Chemin de Conscience - Connexion Consciente","robots":{"index":"index","follow":"follow","max-snippet":"max-snippet:-1","max-image-preview":"max-image-preview:large","max-video-preview":"max-video-preview:-1"},"canonical":"https:\/\/www.connexionconsciente.com\/fr\/producto\/chemin-de-conscience\/","og_locale":"fr_FR","og_type":"article","og_title":"Chemin de Conscience - Connexion Consciente","og_description":"Mentorat individuel, o\u00f9 je vous guide pour vous connecter \u00e0 votre pouvoir de gu\u00e9rison afin que vous puissiez agir et manifester vos objectifs.","og_url":"https:\/\/www.connexionconsciente.com\/fr\/producto\/chemin-de-conscience\/","og_site_name":"Connexion Consciente","article_modified_time":"2025-07-04T14:40:04+00:00","og_image":[{"width":600,"height":600,"url":"https:\/\/www.connexionconsciente.com\/wp-content\/uploads\/2025\/06\/chemin_conscience_fr.png","type":"image\/png"}],"twitter_card":"summary_large_image","twitter_misc":{"Dur\u00e9e de lecture estim\u00e9e":"1 minute"},"schema":{"@context":"https:\/\/schema.org","@graph":[{"@type":"WebPage","@id":"https:\/\/www.connexionconsciente.com\/fr\/producto\/chemin-de-conscience\/","url":"https:\/\/www.connexionconsciente.com\/fr\/producto\/chemin-de-conscience\/","name":"Chemin de Conscience - Connexion Consciente","isPartOf":{"@id":"https:\/\/www.connexionconsciente.com\/fr\/#website"},"primaryImageOfPage":{"@id":"https:\/\/www.connexionconsciente.com\/fr\/producto\/chemin-de-conscience\/#primaryimage"},"image":{"@id":"https:\/\/www.connexionconsciente.com\/fr\/producto\/chemin-de-conscience\/#primaryimage"},"thumbnailUrl":"https:\/\/www.connexionconsciente.com\/wp-content\/uploads\/2025\/06\/chemin_conscience_fr.png","datePublished":"2025-06-09T15:33:25+00:00","dateModified":"2025-07-04T14:40:04+00:00","breadcrumb":{"@id":"https:\/\/www.connexionconsciente.com\/fr\/producto\/chemin-de-conscience\/#breadcrumb"},"inLanguage":"fr-FR","potentialAction":[{"@type":"ReadAction","target":["https:\/\/www.connexionconsciente.com\/fr\/producto\/chemin-de-conscience\/"]}]},{"@type":"ImageObject","inLanguage":"fr-FR","@id":"https:\/\/www.connexionconsciente.com\/fr\/producto\/chemin-de-conscience\/#primaryimage","url":"https:\/\/www.connexionconsciente.com\/wp-content\/uploads\/2025\/06\/chemin_conscience_fr.png","contentUrl":"https:\/\/www.connexionconsciente.com\/wp-content\/uploads\/2025\/06\/chemin_conscience_fr.png","width":600,"height":600},{"@type":"BreadcrumbList","@id":"https:\/\/www.connexionconsciente.com\/fr\/producto\/chemin-de-conscience\/#breadcrumb","itemListElement":[{"@type":"ListItem","position":1,"name":"Home","item":"https:\/\/www.connexionconsciente.com\/fr\/"},{"@type":"ListItem","position":2,"name":"Boutique","item":"https:\/\/www.connexionconsciente.com\/fr\/boutique\/"},{"@type":"ListItem","position":3,"name":"Chemin de Conscience"}]},{"@type":"WebSite","@id":"https:\/\/www.connexionconsciente.com\/fr\/#website","url":"https:\/\/www.connexionconsciente.com\/fr\/","name":"Connexion Consciente","description":"Luz Eliana Arroyave","potentialAction":[{"@type":"SearchAction","target":{"@type":"EntryPoint","urlTemplate":"https:\/\/www.connexionconsciente.com\/fr\/?s={search_term_string}"},"query-input":{"@type":"PropertyValueSpecification","valueRequired":true,"valueName":"search_term_string"}}],"inLanguage":"fr-FR"}]}},"_links":{"self":[{"href":"https:\/\/www.connexionconsciente.com\/fr\/wp-json\/wp\/v2\/product\/1379","targetHints":{"allow":["GET"]}}],"collection":[{"href":"https:\/\/www.connexionconsciente.com\/fr\/wp-json\/wp\/v2\/product"}],"about":[{"href":"https:\/\/www.connexionconsciente.com\/fr\/wp-json\/wp\/v2\/types\/product"}],"replies":[{"embeddable":true,"href":"https:\/\/www.connexionconsciente.com\/fr\/wp-json\/wp\/v2\/comments?post=1379"}],"wp:featuredmedia":[{"embeddable":true,"href":"https:\/\/www.connexionconsciente.com\/fr\/wp-json\/wp\/v2\/media\/1454"}],"wp:attachment":[{"href":"https:\/\/www.connexionconsciente.com\/fr\/wp-json\/wp\/v2\/media?parent=1379"}],"wp:term":[{"taxonomy":"product_brand","embeddable":true,"href":"https:\/\/www.connexionconsciente.com\/fr\/wp-json\/wp\/v2\/product_brand?post=1379"},{"taxonomy":"product_cat","embeddable":true,"href":"https:\/\/www.connexionconsciente.com\/fr\/wp-json\/wp\/v2\/product_cat?post=1379"},{"taxonomy":"product_tag","embeddable":true,"href":"https:\/\/www.connexionconsciente.com\/fr\/wp-json\/wp\/v2\/product_tag?post=1379"}],"curies":[{"name":"wp","href":"https:\/\/api.w.org\/{rel}","templated":true}]}}